{"id":50,"date":"2022-07-18T13:33:15","date_gmt":"2022-07-18T13:33:15","guid":{"rendered":"http:\/\/192.168.189.129\/?page_id=50"},"modified":"2025-05-13T12:29:32","modified_gmt":"2025-05-13T11:29:32","slug":"elementor-50","status":"publish","type":"page","link":"https:\/\/konferencje.edenrajskiespa.pl\/","title":{"rendered":"Konferencja Home"},"content":{"rendered":"\t\t<div data-elementor-type=\"wp-page\" data-elementor-id=\"50\" class=\"elementor elementor-50\">\n\t\t\t\t\t\t\t\t\t<section class=\"elementor-section elementor-top-section elementor-element elementor-element-68adc214 elementor-section-height-min-height elementor-section-boxed elementor-section-height-default elementor-section-items-middle\" data-id=\"68adc214\" data-element_type=\"section\" id=\"xs_cta_style_2\" data-settings=\"{&quot;background_background&quot;:&quot;classic&quot;}\">\n\t\t\t\t\t\t\t<div class=\"elementor-background-overlay\"><\/div>\n\t\t\t\t\t\t\t<div class=\"elementor-container elementor-column-gap-default\">\n\t\t\t\t\t<div class=\"elementor-column elementor-col-50 elementor-top-column elementor-element elementor-element-57225930\" data-id=\"57225930\" data-element_type=\"column\">\n\t\t\t<div class=\"elementor-widget-wrap elementor-element-populated\">\n\t\t\t\t\t\t\t\t<div class=\"elementor-element elementor-element-dd6ce71 elementor-widget elementor-widget-elementskit-heading\" data-id=\"dd6ce71\" data-element_type=\"widget\" data-widget_type=\"elementskit-heading.default\">\n\t\t\t\t<div class=\"elementor-widget-container\">\n\t\t\t<div class=\"ekit-wid-con\" ><div class=\"ekit-heading elementskit-section-title-wraper text_left   ekit_heading_tablet-   ekit_heading_mobile-center\"><h3 class=\"elementskit-section-subtitle  \">\n\t\t\t\t\t\t09-11 wrze\u015bnia 2025 | Eden Rajskie Spa | Rajskie\n\t\t\t\t\t<\/h3><h2 class=\"ekit-heading--title elementskit-section-title  ekit-heading__title-has-border start\">\n\t\t\t\t\tbieszczadzka integracja operator\u00f3w telekomunikacyjnych\n\t\t\t\t<\/h2><\/div><\/div>\t\t<\/div>\n\t\t\t\t<\/div>\n\t\t\t\t\t<\/div>\n\t\t<\/div>\n\t\t\t\t<div class=\"elementor-column elementor-col-50 elementor-top-column elementor-element elementor-element-542a8b\" data-id=\"542a8b\" data-element_type=\"column\">\n\t\t\t<div class=\"elementor-widget-wrap\">\n\t\t\t\t\t\t\t\t\t<\/div>\n\t\t<\/div>\n\t\t\t\t\t\t\t<\/div>\n\t\t<\/section>\n\t\t\t\t<section class=\"elementor-section elementor-top-section elementor-element elementor-element-34510b8d elementor-section-height-min-height elementor-section-full_width elementor-section-items-stretch elementor-section-height-default\" data-id=\"34510b8d\" data-element_type=\"section\">\n\t\t\t\t\t\t\t<div class=\"elementor-background-overlay\"><\/div>\n\t\t\t\t\t\t\t<div class=\"elementor-container elementor-column-gap-default\">\n\t\t\t\t\t<div class=\"elementor-column elementor-col-50 elementor-top-column elementor-element elementor-element-21971d3d elementor-hidden-mobile\" data-id=\"21971d3d\" data-element_type=\"column\" data-settings=\"{&quot;background_background&quot;:&quot;classic&quot;,&quot;background_motion_fx_motion_fx_scrolling&quot;:&quot;yes&quot;,&quot;background_motion_fx_translateX_effect&quot;:&quot;yes&quot;,&quot;background_motion_fx_translateX_speed&quot;:{&quot;unit&quot;:&quot;px&quot;,&quot;size&quot;:5.5,&quot;sizes&quot;:[]},&quot;background_motion_fx_translateX_affectedRange&quot;:{&quot;unit&quot;:&quot;{d9ad759a10b19f6ff4135a5bd20325b36d4a36e94bc60cfd9f89e42f4695d932}&quot;,&quot;size&quot;:&quot;&quot;,&quot;sizes&quot;:{&quot;start&quot;:22,&quot;end&quot;:76}},&quot;background_motion_fx_devices&quot;:[&quot;desktop&quot;,&quot;tablet&quot;,&quot;mobile&quot;]}\">\n\t\t\t<div class=\"elementor-widget-wrap elementor-element-populated\">\n\t\t\t\t\t<div class=\"elementor-background-overlay\"><\/div>\n\t\t\t\t\t\t\t\t\t<\/div>\n\t\t<\/div>\n\t\t\t\t<div class=\"elementor-column elementor-col-50 elementor-top-column elementor-element elementor-element-5e61e24e\" data-id=\"5e61e24e\" data-element_type=\"column\" data-settings=\"{&quot;background_background&quot;:&quot;classic&quot;}\">\n\t\t\t<div class=\"elementor-widget-wrap elementor-element-populated\">\n\t\t\t\t\t\t\t\t<div class=\"elementor-element elementor-element-a68c71b elementor-widget elementor-widget-menu-anchor\" data-id=\"a68c71b\" data-element_type=\"widget\" data-widget_type=\"menu-anchor.default\">\n\t\t\t\t<div class=\"elementor-widget-container\">\n\t\t\t<style>\/*! elementor - v3.6.7 - 03-07-2022 *\/\nbody.elementor-page .elementor-widget-menu-anchor{margin-bottom:0}<\/style>\t\t<div id=\"konferencja\" class=\"elementor-menu-anchor\"><\/div>\n\t\t\t\t<\/div>\n\t\t\t\t<\/div>\n\t\t\t\t<div class=\"elementor-element elementor-element-3773129 elementor-hidden-mobile elementor-widget elementor-widget-spacer\" data-id=\"3773129\" data-element_type=\"widget\" data-widget_type=\"spacer.default\">\n\t\t\t\t<div class=\"elementor-widget-container\">\n\t\t\t<style>\/*! elementor - v3.6.7 - 03-07-2022 *\/\n.e-container.e-container--row .elementor-spacer-inner{width:var(--spacer-size)}.e-container.e-container--column .elementor-spacer-inner,.elementor-column .elementor-spacer-inner{height:var(--spacer-size)}<\/style>\t\t<div class=\"elementor-spacer\">\n\t\t\t<div class=\"elementor-spacer-inner\"><\/div>\n\t\t<\/div>\n\t\t\t\t<\/div>\n\t\t\t\t<\/div>\n\t\t\t\t<div class=\"elementor-element elementor-element-f3ff394 elementor-widget elementor-widget-heading\" data-id=\"f3ff394\" data-element_type=\"widget\" data-widget_type=\"heading.default\">\n\t\t\t\t<div class=\"elementor-widget-container\">\n\t\t\t<style>\/*! elementor - v3.6.7 - 03-07-2022 *\/\n.elementor-heading-title{padding:0;margin:0;line-height:1}.elementor-widget-heading .elementor-heading-title[class*=elementor-size-]>a{color:inherit;font-size:inherit;line-height:inherit}.elementor-widget-heading .elementor-heading-title.elementor-size-small{font-size:15px}.elementor-widget-heading .elementor-heading-title.elementor-size-medium{font-size:19px}.elementor-widget-heading .elementor-heading-title.elementor-size-large{font-size:29px}.elementor-widget-heading .elementor-heading-title.elementor-size-xl{font-size:39px}.elementor-widget-heading .elementor-heading-title.elementor-size-xxl{font-size:59px}<\/style><h2 class=\"elementor-heading-title elementor-size-default\">Szanowni Pa\u0144stwo<\/h2>\t\t<\/div>\n\t\t\t\t<\/div>\n\t\t\t\t<div class=\"elementor-element elementor-element-1b313cd elementor-widget elementor-widget-text-editor\" data-id=\"1b313cd\" data-element_type=\"widget\" data-widget_type=\"text-editor.default\">\n\t\t\t\t<div class=\"elementor-widget-container\">\n\t\t\t<style>\/*! elementor - v3.6.7 - 03-07-2022 *\/\n.elementor-widget-text-editor.elementor-drop-cap-view-stacked .elementor-drop-cap{background-color:#818a91;color:#fff}.elementor-widget-text-editor.elementor-drop-cap-view-framed .elementor-drop-cap{color:#818a91;border:3px solid;background-color:transparent}.elementor-widget-text-editor:not(.elementor-drop-cap-view-default) .elementor-drop-cap{margin-top:8px}.elementor-widget-text-editor:not(.elementor-drop-cap-view-default) .elementor-drop-cap-letter{width:1em;height:1em}.elementor-widget-text-editor .elementor-drop-cap{float:left;text-align:center;line-height:1;font-size:50px}.elementor-widget-text-editor .elementor-drop-cap-letter{display:inline-block}<\/style>\t\t\t\t<p>Jeste\u015bmy grup\u0105 os\u00f3b, kt\u00f3rym zale\u017cy na wspieraniu ma\u0142ych i \u015brednich przedsi\u0119biorstw telekomunikacyjnych w nier\u00f3wnej walce na bardzo konkurencyjnym rynku w Polsce. Zapraszamy na <strong>Bieszczadzk\u0105 Integracj\u0119 Operator\u00f3w Telekomunikacyjnych<\/strong>, kt\u00f3re odb\u0119dzie si\u0119 w dniach <strong>09-11 wrze\u015bnia 2025 r.<\/strong><\/p>\n<p>Spotkanie skierowane jest do w\u0142a\u015bcicieli wybranych firm telekomunikacyjnych oraz kadry zarz\u0105dzaj\u0105cej, kt\u00f3rzy chcieliby pos\u0142ucha\u0107 oraz opowiedzie\u0107 o sprawdzonych i dzia\u0142aj\u0105cych rozwi\u0105zaniach w prowadzeniu biznesu telekomunikacyjnego.<\/p>\n<p>Nie b\u0119d\u0105 to jednak nudne wyk\u0142ady ale spotkanie w lu\u017anej atmosferze przy inspiruj\u0105cych rozmowach, dobrym jedzeniu, wybornych trunkach i doborowym towarzystwie.<\/p>\n<p>Na miejsce tego wyj\u0105tkowego spotkania wybrali\u015bmy <strong>Eden Rajskie SPA<\/strong> po\u0142o\u017cone w Bieszczadach, bezpo\u015brednio <strong>nad rzek\u0105 San<\/strong>, nieopodal <strong>Jeziora Soli\u0144skiego<\/strong>. Obs\u0142uga tego wyj\u0105tkowego miejsca zadba o atmosfer\u0119 relaksu, a Pa\u0144stwo zdecyduj\u0105 czy najlepiej o biznesie rozmawia si\u0119 w basenie, saunie, jacuzzi, czy przy zastawionym stole, podczas spaceru w g\u00f3rach a mo\u017ce w kajaku podczas sp\u0142ywu. Zale\u017cy nam na kameralnym charakterze spotkania tak aby ka\u017cdy z ka\u017cdym mia\u0142 okazj\u0119 porozmawia\u0107, dlatego liczba miejsc jest ograniczona.<\/p>\t\t\t\t\t\t<\/div>\n\t\t\t\t<\/div>\n\t\t\t\t<div class=\"elementor-element elementor-element-3e3dc64 elementor-widget elementor-widget-heading\" data-id=\"3e3dc64\" data-element_type=\"widget\" data-widget_type=\"heading.default\">\n\t\t\t\t<div class=\"elementor-widget-container\">\n\t\t\t<h2 class=\"elementor-heading-title elementor-size-default\">Do zobaczenia w Rajskim!<\/h2>\t\t<\/div>\n\t\t\t\t<\/div>\n\t\t\t\t\t<\/div>\n\t\t<\/div>\n\t\t\t\t\t\t\t<\/div>\n\t\t<\/section>\n\t\t\t\t\t\t\t<\/div>\n\t\t","protected":false},"excerpt":{"rendered":"<p>09-11 wrze\u015bnia 2025 | Eden Rajskie Spa | Rajskie bieszczadzka integracja operator\u00f3w telekomunikacyjnych Szanowni Pa\u0144stwo Jeste\u015bmy grup\u0105 os\u00f3b, kt\u00f3rym zale\u017cy na wspieraniu ma\u0142ych i \u015brednich przedsi\u0119biorstw telekomunikacyjnych w nier\u00f3wnej walce na bardzo konkurencyjnym rynku w Polsce. Zapraszamy na Bieszczadzk\u0105 Integracj\u0119 Operator\u00f3w Telekomunikacyjnych, kt\u00f3re odb\u0119dzie si\u0119 w dniach 09-11 wrze\u015bnia 2025 r. Spotkanie skierowane jest do [&hellip;]<\/p>\n","protected":false},"author":3,"featured_media":0,"parent":0,"menu_order":0,"comment_status":"closed","ping_status":"closed","template":"elementor_header_footer","meta":{"footnotes":""},"class_list":["post-50","page","type-page","status-publish","hentry"],"_links":{"self":[{"href":"https:\/\/konferencje.edenrajskiespa.pl\/index.php?rest_route=\/wp\/v2\/pages\/50","targetHints":{"allow":["GET"]}}],"collection":[{"href":"https:\/\/konferencje.edenrajskiespa.pl\/index.php?rest_route=\/wp\/v2\/pages"}],"about":[{"href":"https:\/\/konferencje.edenrajskiespa.pl\/index.php?rest_route=\/wp\/v2\/types\/page"}],"author":[{"embeddable":true,"href":"https:\/\/konferencje.edenrajskiespa.pl\/index.php?rest_route=\/wp\/v2\/users\/3"}],"replies":[{"embeddable":true,"href":"https:\/\/konferencje.edenrajskiespa.pl\/index.php?rest_route=%2Fwp%2Fv2%2Fcomments&post=50"}],"version-history":[{"count":89,"href":"https:\/\/konferencje.edenrajskiespa.pl\/index.php?rest_route=\/wp\/v2\/pages\/50\/revisions"}],"predecessor-version":[{"id":2589,"href":"https:\/\/konferencje.edenrajskiespa.pl\/index.php?rest_route=\/wp\/v2\/pages\/50\/revisions\/2589"}],"wp:attachment":[{"href":"https:\/\/konferencje.edenrajskiespa.pl\/index.php?rest_route=%2Fwp%2Fv2%2Fmedia&parent=50"}],"curies":[{"name":"wp","href":"https:\/\/api.w.org\/{rel}","templated":true}]}}