{"id":326,"date":"2022-08-18T09:08:35","date_gmt":"2022-08-18T08:08:35","guid":{"rendered":"http:\/\/192.168.189.129\/?page_id=326"},"modified":"2024-08-29T08:55:03","modified_gmt":"2024-08-29T07:55:03","slug":"uczestnicy","status":"publish","type":"page","link":"https:\/\/konferencje.edenrajskiespa.pl\/?page_id=326","title":{"rendered":"Uczestnicy"},"content":{"rendered":"\t\t<div data-elementor-type=\"wp-page\" data-elementor-id=\"326\" class=\"elementor elementor-326\">\n\t\t\t\t\t\t\t\t\t<section class=\"elementor-section elementor-top-section elementor-element elementor-element-34510b8d elementor-section-height-min-height elementor-section-full_width elementor-section-items-stretch elementor-section-height-default\" data-id=\"34510b8d\" data-element_type=\"section\">\n\t\t\t\t\t\t\t<div class=\"elementor-background-overlay\"><\/div>\n\t\t\t\t\t\t\t<div class=\"elementor-container elementor-column-gap-no\">\n\t\t\t\t\t<div class=\"elementor-column elementor-col-50 elementor-top-column elementor-element elementor-element-5e61e24e\" data-id=\"5e61e24e\" data-element_type=\"column\" data-settings=\"{&quot;background_background&quot;:&quot;classic&quot;}\">\n\t\t\t<div class=\"elementor-widget-wrap elementor-element-populated\">\n\t\t\t\t\t\t\t\t<div class=\"elementor-element elementor-element-7740b3b2 elementor-widget elementor-widget-heading\" data-id=\"7740b3b2\" data-element_type=\"widget\" data-widget_type=\"heading.default\">\n\t\t\t\t<div class=\"elementor-widget-container\">\n\t\t\t<style>\/*! elementor - v3.6.7 - 03-07-2022 *\/\n.elementor-heading-title{padding:0;margin:0;line-height:1}.elementor-widget-heading .elementor-heading-title[class*=elementor-size-]>a{color:inherit;font-size:inherit;line-height:inherit}.elementor-widget-heading .elementor-heading-title.elementor-size-small{font-size:15px}.elementor-widget-heading .elementor-heading-title.elementor-size-medium{font-size:19px}.elementor-widget-heading .elementor-heading-title.elementor-size-large{font-size:29px}.elementor-widget-heading .elementor-heading-title.elementor-size-xl{font-size:39px}.elementor-widget-heading .elementor-heading-title.elementor-size-xxl{font-size:59px}<\/style><h2 class=\"elementor-heading-title elementor-size-default\">Uczestnicy 2024<\/h2>\t\t<\/div>\n\t\t\t\t<\/div>\n\t\t\t\t<div class=\"elementor-element elementor-element-62a882f6 elementor-widget elementor-widget-text-editor\" data-id=\"62a882f6\" data-element_type=\"widget\" data-widget_type=\"text-editor.default\">\n\t\t\t\t<div class=\"elementor-widget-container\">\n\t\t\t<style>\/*! elementor - v3.6.7 - 03-07-2022 *\/\n.elementor-widget-text-editor.elementor-drop-cap-view-stacked .elementor-drop-cap{background-color:#818a91;color:#fff}.elementor-widget-text-editor.elementor-drop-cap-view-framed .elementor-drop-cap{color:#818a91;border:3px solid;background-color:transparent}.elementor-widget-text-editor:not(.elementor-drop-cap-view-default) .elementor-drop-cap{margin-top:8px}.elementor-widget-text-editor:not(.elementor-drop-cap-view-default) .elementor-drop-cap-letter{width:1em;height:1em}.elementor-widget-text-editor .elementor-drop-cap{float:left;text-align:center;line-height:1;font-size:50px}.elementor-widget-text-editor .elementor-drop-cap-letter{display:inline-block}<\/style>\t\t\t\t<ul><li>\u00a0INNERGO Systems Sp\u00f3\u0142ka z o.o<\/li><li>SCOON HARDWARE LAB Krzysztof Skuneczny<\/li><li>Podkarpacki.Net Rafa\u0142 Czarny<\/li><li>Debacom Sp. z o.o.<\/li><li>Nexet Sp. z o.o.<\/li><li>Fibrain Sp. z o. o.<\/li><li>PScom Pawe\u0142 Sybid\u0142o<\/li><li>ALT-KOM Sp. z o.o.<\/li><li>Optima D.Foszcz i Wsp\u00f3lnicy Sp. Jawna<\/li><li>Roux Center Sp z o.o. S.K.<\/li><li>Cyberteam Sp. z o. o.<\/li><li>VECTOR sp. z o.o.<\/li><li>Voice Net S.A<\/li><li>\u015aWIAT\u0141OWID Sp. z o.o. S.K.<\/li><li>EXATEL S.A.<\/li><li>Kancelaria Prawna \u0141ukasz Skoczek<\/li><li>Multimedia Polska S.A.<\/li><li>TelNet Sp. z o.o.<\/li><li>Falesia Systemy Sp. z o.o.<\/li><li>Orange Polska<\/li><li>P4 Sp\u00f3\u0142ka z o.o<\/li><li>DEF DARIUSZ FIC<\/li><li>Sp\u00f3\u0142dzielnia Telekomunikacyjna OST<\/li><li>Huawei Poland<\/li><li>UPC Polska<\/li><li>Acnet Sp. z o.o.<\/li><li>Interq<\/li><li>Centrum System\u00f3w Bezpiecze\u0144stwa Sp. z o.o<\/li><li>PBKOMP Pawe\u0142 Brz\u00f3zka<\/li><\/ul>\t\t\t\t\t\t<\/div>\n\t\t\t\t<\/div>\n\t\t\t\t<div class=\"elementor-element elementor-element-2d42ae7e elementor-widget elementor-widget-heading\" data-id=\"2d42ae7e\" data-element_type=\"widget\" data-widget_type=\"heading.default\">\n\t\t\t\t<div class=\"elementor-widget-container\">\n\t\t\t<h2 class=\"elementor-heading-title elementor-size-default\">Do zobaczenia w Rajskim!<\/h2>\t\t<\/div>\n\t\t\t\t<\/div>\n\t\t\t\t\t<\/div>\n\t\t<\/div>\n\t\t\t\t<div class=\"elementor-column elementor-col-50 elementor-top-column elementor-element elementor-element-21971d3d elementor-hidden-mobile\" data-id=\"21971d3d\" data-element_type=\"column\" data-settings=\"{&quot;background_background&quot;:&quot;classic&quot;,&quot;background_motion_fx_motion_fx_scrolling&quot;:&quot;yes&quot;,&quot;background_motion_fx_translateX_effect&quot;:&quot;yes&quot;,&quot;background_motion_fx_translateX_speed&quot;:{&quot;unit&quot;:&quot;px&quot;,&quot;size&quot;:5.5,&quot;sizes&quot;:[]},&quot;background_motion_fx_translateX_affectedRange&quot;:{&quot;unit&quot;:&quot;{d9ad759a10b19f6ff4135a5bd20325b36d4a36e94bc60cfd9f89e42f4695d932}&quot;,&quot;size&quot;:&quot;&quot;,&quot;sizes&quot;:{&quot;start&quot;:22,&quot;end&quot;:76}},&quot;background_motion_fx_devices&quot;:[&quot;desktop&quot;,&quot;tablet&quot;,&quot;mobile&quot;]}\">\n\t\t\t<div class=\"elementor-widget-wrap elementor-element-populated\">\n\t\t\t\t\t<div class=\"elementor-background-overlay\"><\/div>\n\t\t\t\t\t\t\t\t\t<\/div>\n\t\t<\/div>\n\t\t\t\t\t\t\t<\/div>\n\t\t<\/section>\n\t\t\t\t\t\t\t<\/div>\n\t\t","protected":false},"excerpt":{"rendered":"<p>Uczestnicy 2024 \u00a0INNERGO Systems Sp\u00f3\u0142ka z o.o SCOON HARDWARE LAB Krzysztof Skuneczny Podkarpacki.Net Rafa\u0142 Czarny Debacom Sp. z o.o. Nexet Sp. z o.o. Fibrain Sp. z o. o. PScom Pawe\u0142 Sybid\u0142o ALT-KOM Sp. z o.o. Optima D.Foszcz i Wsp\u00f3lnicy Sp. Jawna Roux Center Sp z o.o. S.K. Cyberteam Sp. z o. o. VECTOR sp. z [&hellip;]<\/p>\n","protected":false},"author":3,"featured_media":0,"parent":0,"menu_order":0,"comment_status":"closed","ping_status":"closed","template":"elementor_header_footer","meta":{"footnotes":""},"class_list":["post-326","page","type-page","status-publish","hentry"],"_links":{"self":[{"href":"https:\/\/konferencje.edenrajskiespa.pl\/index.php?rest_route=\/wp\/v2\/pages\/326","targetHints":{"allow":["GET"]}}],"collection":[{"href":"https:\/\/konferencje.edenrajskiespa.pl\/index.php?rest_route=\/wp\/v2\/pages"}],"about":[{"href":"https:\/\/konferencje.edenrajskiespa.pl\/index.php?rest_route=\/wp\/v2\/types\/page"}],"author":[{"embeddable":true,"href":"https:\/\/konferencje.edenrajskiespa.pl\/index.php?rest_route=\/wp\/v2\/users\/3"}],"replies":[{"embeddable":true,"href":"https:\/\/konferencje.edenrajskiespa.pl\/index.php?rest_route=%2Fwp%2Fv2%2Fcomments&post=326"}],"version-history":[{"count":28,"href":"https:\/\/konferencje.edenrajskiespa.pl\/index.php?rest_route=\/wp\/v2\/pages\/326\/revisions"}],"predecessor-version":[{"id":2548,"href":"https:\/\/konferencje.edenrajskiespa.pl\/index.php?rest_route=\/wp\/v2\/pages\/326\/revisions\/2548"}],"wp:attachment":[{"href":"https:\/\/konferencje.edenrajskiespa.pl\/index.php?rest_route=%2Fwp%2Fv2%2Fmedia&parent=326"}],"curies":[{"name":"wp","href":"https:\/\/api.w.org\/{rel}","templated":true}]}}