{"id":245,"date":"2022-07-20T12:07:25","date_gmt":"2022-07-20T12:07:25","guid":{"rendered":"http:\/\/192.168.189.129\/?page_id=245"},"modified":"2025-08-12T15:42:00","modified_gmt":"2025-08-12T14:42:00","slug":"konferencja-home","status":"publish","type":"page","link":"https:\/\/konferencje.edenrajskiespa.pl\/?page_id=245","title":{"rendered":"Program"},"content":{"rendered":"\t\t<div data-elementor-type=\"wp-page\" data-elementor-id=\"245\" class=\"elementor elementor-245\">\n\t\t\t\t\t\t\t\t\t<section class=\"elementor-section elementor-top-section elementor-element elementor-element-34510b8d elementor-section-height-min-height elementor-section-full_width elementor-section-items-stretch elementor-section-height-default\" data-id=\"34510b8d\" data-element_type=\"section\">\n\t\t\t\t\t\t\t<div class=\"elementor-background-overlay\"><\/div>\n\t\t\t\t\t\t\t<div class=\"elementor-container elementor-column-gap-custom\">\n\t\t\t\t\t<div class=\"elementor-column elementor-col-50 elementor-top-column elementor-element elementor-element-21971d3d elementor-hidden-mobile\" data-id=\"21971d3d\" data-element_type=\"column\" data-settings=\"{&quot;background_background&quot;:&quot;classic&quot;,&quot;background_motion_fx_motion_fx_scrolling&quot;:&quot;yes&quot;,&quot;background_motion_fx_translateX_effect&quot;:&quot;yes&quot;,&quot;background_motion_fx_translateX_speed&quot;:{&quot;unit&quot;:&quot;px&quot;,&quot;size&quot;:5.5,&quot;sizes&quot;:[]},&quot;background_motion_fx_translateX_affectedRange&quot;:{&quot;unit&quot;:&quot;{d9ad759a10b19f6ff4135a5bd20325b36d4a36e94bc60cfd9f89e42f4695d932}&quot;,&quot;size&quot;:&quot;&quot;,&quot;sizes&quot;:{&quot;start&quot;:22,&quot;end&quot;:76}},&quot;background_motion_fx_devices&quot;:[&quot;desktop&quot;,&quot;tablet&quot;,&quot;mobile&quot;]}\">\n\t\t\t<div class=\"elementor-widget-wrap elementor-element-populated\">\n\t\t\t\t\t<div class=\"elementor-background-overlay\"><\/div>\n\t\t\t\t\t\t\t\t\t<\/div>\n\t\t<\/div>\n\t\t\t\t<div class=\"elementor-column elementor-col-50 elementor-top-column elementor-element elementor-element-5e61e24e\" data-id=\"5e61e24e\" data-element_type=\"column\" data-settings=\"{&quot;background_background&quot;:&quot;classic&quot;}\">\n\t\t\t<div class=\"elementor-widget-wrap elementor-element-populated\">\n\t\t\t\t\t\t\t\t<div class=\"elementor-element elementor-element-7740b3b2 elementor-widget elementor-widget-heading\" data-id=\"7740b3b2\" data-element_type=\"widget\" data-widget_type=\"heading.default\">\n\t\t\t\t<div class=\"elementor-widget-container\">\n\t\t\t<style>\/*! elementor - v3.6.7 - 03-07-2022 *\/\n.elementor-heading-title{padding:0;margin:0;line-height:1}.elementor-widget-heading .elementor-heading-title[class*=elementor-size-]>a{color:inherit;font-size:inherit;line-height:inherit}.elementor-widget-heading .elementor-heading-title.elementor-size-small{font-size:15px}.elementor-widget-heading .elementor-heading-title.elementor-size-medium{font-size:19px}.elementor-widget-heading .elementor-heading-title.elementor-size-large{font-size:29px}.elementor-widget-heading .elementor-heading-title.elementor-size-xl{font-size:39px}.elementor-widget-heading .elementor-heading-title.elementor-size-xxl{font-size:59px}<\/style><h2 class=\"elementor-heading-title elementor-size-default\">PROGRAM<\/h2>\t\t<\/div>\n\t\t\t\t<\/div>\n\t\t\t\t<div class=\"elementor-element elementor-element-62a882f6 elementor-widget elementor-widget-text-editor\" data-id=\"62a882f6\" data-element_type=\"widget\" data-widget_type=\"text-editor.default\">\n\t\t\t\t<div class=\"elementor-widget-container\">\n\t\t\t<style>\/*! elementor - v3.6.7 - 03-07-2022 *\/\n.elementor-widget-text-editor.elementor-drop-cap-view-stacked .elementor-drop-cap{background-color:#818a91;color:#fff}.elementor-widget-text-editor.elementor-drop-cap-view-framed .elementor-drop-cap{color:#818a91;border:3px solid;background-color:transparent}.elementor-widget-text-editor:not(.elementor-drop-cap-view-default) .elementor-drop-cap{margin-top:8px}.elementor-widget-text-editor:not(.elementor-drop-cap-view-default) .elementor-drop-cap-letter{width:1em;height:1em}.elementor-widget-text-editor .elementor-drop-cap{float:left;text-align:center;line-height:1;font-size:50px}.elementor-widget-text-editor .elementor-drop-cap-letter{display:inline-block}<\/style>\t\t\t\t<h4 style=\"font-family: 'Alumni Sans', sans-serif; color: rgba(0, 0, 0, 0.7);\"><span style=\"text-decoration-line: underline; color: #003366;\"><span style=\"font-weight: bolder;\">Dzie\u0144 1 &#8211; 09.09.2025<\/span><\/span><\/h4><p><b>11:00 -12:00 \u2013 <\/b>rejestracja uczestnik\u00f3w<\/p><p><b>13:00 &#8211; 15:00 \u2013 <\/b>obiad w Restauracji Rajskie Smaki<b><\/b><\/p><p><b>15:30- 20:00\u00a0 \u2013 <\/b>przywitanie uczestnik\u00f3w, prezentacje, prelekcje<\/p><p><b>19:00 \u2013 <\/b>przywitanie uczestnik\u00f3w, prezentacje<b><\/b><\/p><p><b>21:00 \u2013<\/b> Impreza g\u0142\u00f3wna rozpocz\u0119ta uroczyst\u0105 kolacj\u0105<b><\/b><\/p><p><b>22:00 \u2013 <\/b>wiecz\u00f3r w kasyno z nagrodami, zabawa z muzyk\u0105<\/p><h4 style=\"font-family: 'Alumni Sans', sans-serif; color: rgba(0, 0, 0, 0.7);\"><span style=\"text-decoration-line: underline; color: #003366;\"><span style=\"font-weight: bolder;\">Dzie\u0144 2 \u2013 10.09.2025<\/span><\/span><\/h4><p style=\"font-size: 20px;\"><span style=\"font-weight: bolder;\">7:30<\/span>\u00a0&#8211; \u015bniadanie<\/p><p style=\"font-size: 20px;\"><span style=\"font-weight: bolder;\">9:00<\/span> &#8211; Rejs Jachtem\/ Sp\u0142yw pontonowy po rzece San\/ Wycieczka G\u00f3rska<\/p><p style=\"font-size: 20px;\"><span style=\"font-weight: bolder;\">15:00<\/span> &#8211; <strong>18:00<\/strong> obiad w Restauracji Rajskie Smaki<\/p><p><strong>Czas wolny na relaks w strefie Spa<\/strong><\/p><p style=\"font-size: 20px;\"><span style=\"font-weight: bold;\">21:00 &#8211; <\/span>Grill w wiacie grillowej<\/p><div style=\"font-size: 20px;\">\u00a0<\/div><h4 style=\"font-family: 'Alumni Sans', sans-serif; color: rgba(0, 0, 0, 0.7);\"><span style=\"text-decoration-line: underline;\"><span style=\"color: #003366;\"><span style=\"font-weight: bolder;\">Dzie\u0144 3\u00a0 &#8211; 11.09. 2025<\/span><\/span><\/span><\/h4><p style=\"font-size: 20px;\"><span style=\"font-weight: bolder;\">8:00 &#8211; 10:00<\/span>\u00a0&#8211; \u015bniadanie<\/p><p style=\"font-size: 20px;\"><span style=\"font-weight: bold;\">Wymeldowanie,\u00a0<\/span>(doba przed\u0142u\u017cona do godz. 13:00)<\/p>\t\t\t\t\t\t<\/div>\n\t\t\t\t<\/div>\n\t\t\t\t<div class=\"elementor-element elementor-element-2d42ae7e elementor-widget elementor-widget-heading\" data-id=\"2d42ae7e\" data-element_type=\"widget\" data-widget_type=\"heading.default\">\n\t\t\t\t<div class=\"elementor-widget-container\">\n\t\t\t<h2 class=\"elementor-heading-title elementor-size-default\">Do zobaczenia w Rajskim!<\/h2>\t\t<\/div>\n\t\t\t\t<\/div>\n\t\t\t\t\t<\/div>\n\t\t<\/div>\n\t\t\t\t\t\t\t<\/div>\n\t\t<\/section>\n\t\t\t\t\t\t\t<\/div>\n\t\t","protected":false},"excerpt":{"rendered":"<p>PROGRAM Dzie\u0144 1 &#8211; 09.09.2025 11:00 -12:00 \u2013 rejestracja uczestnik\u00f3w 13:00 &#8211; 15:00 \u2013 obiad w Restauracji Rajskie Smaki 15:30- 20:00\u00a0 \u2013 przywitanie uczestnik\u00f3w, prezentacje, prelekcje 19:00 \u2013 przywitanie uczestnik\u00f3w, prezentacje 21:00 \u2013 Impreza g\u0142\u00f3wna rozpocz\u0119ta uroczyst\u0105 kolacj\u0105 22:00 \u2013 wiecz\u00f3r w kasyno z nagrodami, zabawa z muzyk\u0105 Dzie\u0144 2 \u2013 10.09.2025 7:30\u00a0&#8211; \u015bniadanie 9:00 [&hellip;]<\/p>\n","protected":false},"author":3,"featured_media":0,"parent":0,"menu_order":0,"comment_status":"closed","ping_status":"closed","template":"elementor_header_footer","meta":{"footnotes":""},"class_list":["post-245","page","type-page","status-publish","hentry"],"_links":{"self":[{"href":"https:\/\/konferencje.edenrajskiespa.pl\/index.php?rest_route=\/wp\/v2\/pages\/245","targetHints":{"allow":["GET"]}}],"collection":[{"href":"https:\/\/konferencje.edenrajskiespa.pl\/index.php?rest_route=\/wp\/v2\/pages"}],"about":[{"href":"https:\/\/konferencje.edenrajskiespa.pl\/index.php?rest_route=\/wp\/v2\/types\/page"}],"author":[{"embeddable":true,"href":"https:\/\/konferencje.edenrajskiespa.pl\/index.php?rest_route=\/wp\/v2\/users\/3"}],"replies":[{"embeddable":true,"href":"https:\/\/konferencje.edenrajskiespa.pl\/index.php?rest_route=%2Fwp%2Fv2%2Fcomments&post=245"}],"version-history":[{"count":43,"href":"https:\/\/konferencje.edenrajskiespa.pl\/index.php?rest_route=\/wp\/v2\/pages\/245\/revisions"}],"predecessor-version":[{"id":2596,"href":"https:\/\/konferencje.edenrajskiespa.pl\/index.php?rest_route=\/wp\/v2\/pages\/245\/revisions\/2596"}],"wp:attachment":[{"href":"https:\/\/konferencje.edenrajskiespa.pl\/index.php?rest_route=%2Fwp%2Fv2%2Fmedia&parent=245"}],"curies":[{"name":"wp","href":"https:\/\/api.w.org\/{rel}","templated":true}]}}